{"id":98,"date":"2021-06-16T21:17:04","date_gmt":"2021-06-16T19:17:04","guid":{"rendered":"http:\/\/jaslesvetluska.sk\/?page_id=98"},"modified":"2024-06-09T17:12:55","modified_gmt":"2024-06-09T15:12:55","slug":"prihlaska","status":"publish","type":"page","link":"https:\/\/jaslesvetluska.sk\/?page_id=98","title":{"rendered":"Prihl\u00e1\u0161ka"},"content":{"rendered":"<p>Z\u00e1pis do s\u00fakromn\u00fdch jasiel so \u0161k\u00f4lkou Svetlu\u0161ka prebieha po\u010das cel\u00e9ho roka, v pr\u00edpade vo\u013en\u00fdch miest je n\u00e1stup mo\u017en\u00fd kedyko\u013evek po\u010das roka.<\/p>\n<p>N\u00e1v\u0161teva n\u00e1\u0161ho zariadenia je mo\u017en\u00e1 len po telefonickom alebo p\u00edsomnom dohovore s person\u00e1lom zariadenia.<\/p>\n<ul>\n<li><strong>Postup pri registr\u00e1cii:<\/strong><br \/>\n1. Vyplnenie elektronickej \u017eiadosti o prijatie die\u0165a\u0165a do s\u00fakromn\u00fdch jasiel alebo \u0161k\u00f4lky Svetlu\u0161ka.<br \/>\n2. Nasledova\u0165 bude sp\u00e4tn\u00e9 potvrdenie o prijat\u00ed\/neprijat\u00ed v\u00e1\u0161ho die\u0165a\u0165a k n\u00e1m do zariadenia.<br \/>\n3. V pr\u00edpade prijatia &#8211; uhradenie rezerva\u010dn\u00e9ho poplatku po telefonickom dohovore.<\/li>\n<\/ul>\n<p>&nbsp;<\/p>\n\n<div class=\"wpcf7 no-js\" id=\"wpcf7-f139-o1\" lang=\"sk-SK\" dir=\"ltr\" data-wpcf7-id=\"139\">\n<div class=\"screen-reader-response\"><p role=\"status\" aria-live=\"polite\" aria-atomic=\"true\"><\/p> <ul><\/ul><\/div>\n<form action=\"\/index.php?rest_route=%2Fwp%2Fv2%2Fpages%2F98#wpcf7-f139-o1\" method=\"post\" class=\"wpcf7-form init\" aria-label=\"Kontaktn\u00fd formul\u00e1r\" novalidate=\"novalidate\" data-status=\"init\">\n<div style=\"display: none;\">\n<input type=\"hidden\" name=\"_wpcf7\" value=\"139\" \/>\n<input type=\"hidden\" name=\"_wpcf7_version\" value=\"6.0.6\" \/>\n<input type=\"hidden\" name=\"_wpcf7_locale\" value=\"sk_SK\" \/>\n<input type=\"hidden\" name=\"_wpcf7_unit_tag\" value=\"wpcf7-f139-o1\" \/>\n<input type=\"hidden\" name=\"_wpcf7_container_post\" value=\"0\" \/>\n<input type=\"hidden\" name=\"_wpcf7_posted_data_hash\" value=\"\" \/>\n<\/div>\n<h1>\u017diados\u0165 o prijatie die\u0165a\u0165a\n<\/h1>\n<p>Meno a priezvisko die\u0165a\u0165a*\n<\/p>\n<p><span class=\"wpcf7-form-control-wrap\" data-name=\"child-name\"><input size=\"40\" maxlength=\"400\" class=\"wpcf7-form-control wpcf7-text wpcf7-validates-as-required\" aria-required=\"true\" aria-invalid=\"false\" value=\"\" type=\"text\" name=\"child-name\" \/><\/span>\n<\/p>\n<p>D\u00e1tum narodenia*\n<\/p>\n<p><span class=\"wpcf7-form-control-wrap\" data-name=\"child-birth-date\"><input class=\"wpcf7-form-control wpcf7-date wpcf7-validates-as-required wpcf7-validates-as-date\" aria-required=\"true\" aria-invalid=\"false\" value=\"\" type=\"date\" name=\"child-birth-date\" \/><\/span>\n<\/p>\n<p>Bydlisko*\n<\/p>\n<p><span class=\"wpcf7-form-control-wrap\" data-name=\"child-address\"><input size=\"40\" maxlength=\"400\" class=\"wpcf7-form-control wpcf7-text wpcf7-validates-as-required\" aria-required=\"true\" aria-invalid=\"false\" value=\"\" type=\"text\" name=\"child-address\" \/><\/span>\n<\/p>\n<p>D\u00e1tum n\u00e1stupu do zariadenia*\n<\/p>\n<p><span class=\"wpcf7-form-control-wrap\" data-name=\"child-start-date\"><input class=\"wpcf7-form-control wpcf7-date wpcf7-validates-as-required wpcf7-validates-as-date\" aria-required=\"true\" aria-invalid=\"false\" value=\"\" type=\"date\" name=\"child-start-date\" \/><\/span>\n<\/p>\n<h2>Identifika\u010dn\u00e9 \u00fadaje z\u00e1konn\u00fdch z\u00e1stupcov die\u0165a\u0165a\n<\/h2>\n<p>Meno a priezvisko matky*\n<\/p>\n<p><span class=\"wpcf7-form-control-wrap\" data-name=\"mother-name\"><input size=\"40\" maxlength=\"400\" class=\"wpcf7-form-control wpcf7-text wpcf7-validates-as-required\" aria-required=\"true\" aria-invalid=\"false\" value=\"\" type=\"text\" name=\"mother-name\" \/><\/span>\n<\/p>\n<p>Bydlisko matky*\n<\/p>\n<p><span class=\"wpcf7-form-control-wrap\" data-name=\"mother-address\"><input size=\"40\" maxlength=\"400\" class=\"wpcf7-form-control wpcf7-text wpcf7-validates-as-required\" aria-required=\"true\" aria-invalid=\"false\" value=\"\" type=\"text\" name=\"mother-address\" \/><\/span>\n<\/p>\n<p>Zamestnanie matky\n<\/p>\n<p><span class=\"wpcf7-form-control-wrap\" data-name=\"mother-occupation\"><input size=\"40\" maxlength=\"400\" class=\"wpcf7-form-control wpcf7-text\" aria-invalid=\"false\" value=\"\" type=\"text\" name=\"mother-occupation\" \/><\/span>\n<\/p>\n<p>Telef\u00f3n matky\n<\/p>\n<p><span class=\"wpcf7-form-control-wrap\" data-name=\"mother-phone\"><input size=\"40\" maxlength=\"400\" class=\"wpcf7-form-control wpcf7-text\" aria-invalid=\"false\" value=\"\" type=\"text\" name=\"mother-phone\" \/><\/span>\n<\/p>\n<p>Meno a priezvisko otca\n<\/p>\n<p><span class=\"wpcf7-form-control-wrap\" data-name=\"father-name\"><input size=\"40\" maxlength=\"400\" class=\"wpcf7-form-control wpcf7-text\" aria-invalid=\"false\" value=\"\" type=\"text\" name=\"father-name\" \/><\/span>\n<\/p>\n<p>Bydlisko otca\n<\/p>\n<p><span class=\"wpcf7-form-control-wrap\" data-name=\"father-address\"><input size=\"40\" maxlength=\"400\" class=\"wpcf7-form-control wpcf7-text\" aria-invalid=\"false\" value=\"\" type=\"text\" name=\"father-address\" \/><\/span>\n<\/p>\n<p>Zamestnanie otca\n<\/p>\n<p><span class=\"wpcf7-form-control-wrap\" data-name=\"father-occupation\"><input size=\"40\" maxlength=\"400\" class=\"wpcf7-form-control wpcf7-text\" aria-invalid=\"false\" value=\"\" type=\"text\" name=\"father-occupation\" \/><\/span>\n<\/p>\n<p>Telef\u00f3n otca\n<\/p>\n<p><span class=\"wpcf7-form-control-wrap\" data-name=\"father-phone\"><input size=\"40\" maxlength=\"400\" class=\"wpcf7-form-control wpcf7-text\" aria-invalid=\"false\" value=\"\" type=\"text\" name=\"father-phone\" \/><\/span>\n<\/p>\n<h2>Kontaktn\u00e9 \u00fadaje(kde v\u00e1s m\u00f4\u017eeme kontaktova\u0165)\n<\/h2>\n<p>Telef\u00f3nne \u010d\u00edslo*\n<\/p>\n<p><span class=\"wpcf7-form-control-wrap\" data-name=\"contact-phone\"><input size=\"40\" maxlength=\"400\" class=\"wpcf7-form-control wpcf7-text wpcf7-validates-as-required\" aria-required=\"true\" aria-invalid=\"false\" value=\"\" type=\"text\" name=\"contact-phone\" \/><\/span>\n<\/p>\n<p>Kontaktn\u00fd email*\n<\/p>\n<p><span class=\"wpcf7-form-control-wrap\" data-name=\"contact-email\"><input size=\"40\" maxlength=\"400\" class=\"wpcf7-form-control wpcf7-email wpcf7-validates-as-required wpcf7-text wpcf7-validates-as-email\" aria-required=\"true\" aria-invalid=\"false\" value=\"\" type=\"email\" name=\"contact-email\" \/><\/span>\n<\/p>\n<p>Pozn\u00e1mka\n<\/p>\n<p><span class=\"wpcf7-form-control-wrap\" data-name=\"contact-note\"><textarea cols=\"40\" rows=\"10\" maxlength=\"2000\" class=\"wpcf7-form-control wpcf7-textarea\" aria-invalid=\"false\" name=\"contact-note\"><\/textarea><\/span>\n<\/p>\n<p><span class=\"wpcf7-form-control-wrap\" data-name=\"accept\"><span class=\"wpcf7-form-control wpcf7-acceptance\"><span class=\"wpcf7-list-item\"><input type=\"checkbox\" name=\"accept\" value=\"1\" aria-invalid=\"false\" \/><\/span><\/span><\/span> S\u00fahlas\u00edm so spracovan\u00edm osobn\u00fdch \u00fadajov.\n<\/p>\n<p><input class=\"wpcf7-form-control wpcf7-submit has-spinner\" type=\"submit\" value=\"Odo\u0161li\" \/>\n<\/p>\n<p>*polia ozna\u010den\u00e9 hviezdi\u010dkou s\u00fa povinn\u00e9\n<\/p><div class=\"wpcf7-response-output\" aria-hidden=\"true\"><\/div>\n<\/form>\n<\/div>\n\n","protected":false},"excerpt":{"rendered":"<p>Z\u00e1pis do s\u00fakromn\u00fdch jasiel so \u0161k\u00f4lkou Svetlu\u0161ka prebieha po\u010das cel\u00e9ho roka, v pr\u00edpade vo\u013en\u00fdch miest je n\u00e1stup mo\u017en\u00fd kedyko\u013evek po\u010das roka. N\u00e1v\u0161teva n\u00e1\u0161ho zariadenia je mo\u017en\u00e1 len po telefonickom alebo p\u00edsomnom dohovore s person\u00e1lom zariadenia. Postup pri registr\u00e1cii: 1. Vyplnenie elektronickej \u017eiadosti o prijatie die\u0165a\u0165a do s\u00fakromn\u00fdch jasiel alebo \u0161k\u00f4lky Svetlu\u0161ka. 2. Nasledova\u0165 bude sp\u00e4tn\u00e9<a class=\"moretag\" href=\"https:\/\/jaslesvetluska.sk\/?page_id=98\"><span class=\"screen-reader-text\">Pre\u010d\u00edtajte si viac o Prihl\u00e1\u0161ka<\/span>[&#8230;]<\/a><\/p>\n","protected":false},"author":1,"featured_media":0,"parent":0,"menu_order":0,"comment_status":"closed","ping_status":"closed","template":"template-fullwidth.php","meta":{"_monsterinsights_skip_tracking":false,"_monsterinsights_sitenote_active":false,"_monsterinsights_sitenote_note":"","_monsterinsights_sitenote_category":0,"ngg_post_thumbnail":0,"footnotes":""},"class_list":["post-98","page","type-page","status-publish","hentry"],"yoast_head":"<!-- This site is optimized with the Yoast SEO plugin v25.0 - https:\/\/yoast.com\/wordpress\/plugins\/seo\/ -->\n<title>Prihl\u00e1\u0161ka - S\u00fakromn\u00e9 jasle so \u0161k\u00f4lkou Svetlu\u0161ka<\/title>\n<meta name=\"robots\" content=\"index, follow, max-snippet:-1, max-image-preview:large, max-video-preview:-1\" \/>\n<link rel=\"canonical\" href=\"https:\/\/jaslesvetluska.sk\/?page_id=98\" \/>\n<meta property=\"og:locale\" content=\"sk_SK\" \/>\n<meta property=\"og:type\" content=\"article\" \/>\n<meta property=\"og:title\" content=\"Prihl\u00e1\u0161ka - S\u00fakromn\u00e9 jasle so \u0161k\u00f4lkou Svetlu\u0161ka\" \/>\n<meta property=\"og:description\" content=\"Z\u00e1pis do s\u00fakromn\u00fdch jasiel so \u0161k\u00f4lkou Svetlu\u0161ka prebieha po\u010das cel\u00e9ho roka, v pr\u00edpade vo\u013en\u00fdch miest je n\u00e1stup mo\u017en\u00fd kedyko\u013evek po\u010das roka. N\u00e1v\u0161teva n\u00e1\u0161ho zariadenia je mo\u017en\u00e1 len po telefonickom alebo p\u00edsomnom dohovore s person\u00e1lom zariadenia. Postup pri registr\u00e1cii: 1. Vyplnenie elektronickej \u017eiadosti o prijatie die\u0165a\u0165a do s\u00fakromn\u00fdch jasiel alebo \u0161k\u00f4lky Svetlu\u0161ka. 2. Nasledova\u0165 bude sp\u00e4tn\u00e9Pre\u010d\u00edtajte si viac o Prihl\u00e1\u0161ka[...]\" \/>\n<meta property=\"og:url\" content=\"https:\/\/jaslesvetluska.sk\/?page_id=98\" \/>\n<meta property=\"og:site_name\" content=\"S\u00fakromn\u00e9 jasle so \u0161k\u00f4lkou Svetlu\u0161ka\" \/>\n<meta property=\"article:modified_time\" content=\"2024-06-09T15:12:55+00:00\" \/>\n<meta name=\"twitter:card\" content=\"summary_large_image\" \/>\n<meta name=\"twitter:label1\" content=\"Predpokladan\u00fd \u010das \u010d\u00edtania\" \/>\n\t<meta name=\"twitter:data1\" content=\"1 min\u00fata\" \/>\n<script type=\"application\/ld+json\" class=\"yoast-schema-graph\">{\"@context\":\"https:\/\/schema.org\",\"@graph\":[{\"@type\":\"WebPage\",\"@id\":\"https:\/\/jaslesvetluska.sk\/?page_id=98\",\"url\":\"https:\/\/jaslesvetluska.sk\/?page_id=98\",\"name\":\"Prihl\u00e1\u0161ka - S\u00fakromn\u00e9 jasle so \u0161k\u00f4lkou Svetlu\u0161ka\",\"isPartOf\":{\"@id\":\"https:\/\/jaslesvetluska.sk\/#website\"},\"datePublished\":\"2021-06-16T19:17:04+00:00\",\"dateModified\":\"2024-06-09T15:12:55+00:00\",\"breadcrumb\":{\"@id\":\"https:\/\/jaslesvetluska.sk\/?page_id=98#breadcrumb\"},\"inLanguage\":\"sk-SK\",\"potentialAction\":[{\"@type\":\"ReadAction\",\"target\":[\"https:\/\/jaslesvetluska.sk\/?page_id=98\"]}]},{\"@type\":\"BreadcrumbList\",\"@id\":\"https:\/\/jaslesvetluska.sk\/?page_id=98#breadcrumb\",\"itemListElement\":[{\"@type\":\"ListItem\",\"position\":1,\"name\":\"Home\",\"item\":\"https:\/\/jaslesvetluska.sk\/\"},{\"@type\":\"ListItem\",\"position\":2,\"name\":\"Prihl\u00e1\u0161ka\"}]},{\"@type\":\"WebSite\",\"@id\":\"https:\/\/jaslesvetluska.sk\/#website\",\"url\":\"https:\/\/jaslesvetluska.sk\/\",\"name\":\"S\u00fakromn\u00e9 jasle so \u0161k\u00f4lkou Svetlu\u0161ka\",\"description\":\"\",\"potentialAction\":[{\"@type\":\"SearchAction\",\"target\":{\"@type\":\"EntryPoint\",\"urlTemplate\":\"https:\/\/jaslesvetluska.sk\/?s={search_term_string}\"},\"query-input\":{\"@type\":\"PropertyValueSpecification\",\"valueRequired\":true,\"valueName\":\"search_term_string\"}}],\"inLanguage\":\"sk-SK\"}]}<\/script>\n<!-- \/ Yoast SEO plugin. -->","yoast_head_json":{"title":"Prihl\u00e1\u0161ka - S\u00fakromn\u00e9 jasle so \u0161k\u00f4lkou Svetlu\u0161ka","robots":{"index":"index","follow":"follow","max-snippet":"max-snippet:-1","max-image-preview":"max-image-preview:large","max-video-preview":"max-video-preview:-1"},"canonical":"https:\/\/jaslesvetluska.sk\/?page_id=98","og_locale":"sk_SK","og_type":"article","og_title":"Prihl\u00e1\u0161ka - S\u00fakromn\u00e9 jasle so \u0161k\u00f4lkou Svetlu\u0161ka","og_description":"Z\u00e1pis do s\u00fakromn\u00fdch jasiel so \u0161k\u00f4lkou Svetlu\u0161ka prebieha po\u010das cel\u00e9ho roka, v pr\u00edpade vo\u013en\u00fdch miest je n\u00e1stup mo\u017en\u00fd kedyko\u013evek po\u010das roka. N\u00e1v\u0161teva n\u00e1\u0161ho zariadenia je mo\u017en\u00e1 len po telefonickom alebo p\u00edsomnom dohovore s person\u00e1lom zariadenia. Postup pri registr\u00e1cii: 1. Vyplnenie elektronickej \u017eiadosti o prijatie die\u0165a\u0165a do s\u00fakromn\u00fdch jasiel alebo \u0161k\u00f4lky Svetlu\u0161ka. 2. Nasledova\u0165 bude sp\u00e4tn\u00e9Pre\u010d\u00edtajte si viac o Prihl\u00e1\u0161ka[...]","og_url":"https:\/\/jaslesvetluska.sk\/?page_id=98","og_site_name":"S\u00fakromn\u00e9 jasle so \u0161k\u00f4lkou Svetlu\u0161ka","article_modified_time":"2024-06-09T15:12:55+00:00","twitter_card":"summary_large_image","twitter_misc":{"Predpokladan\u00fd \u010das \u010d\u00edtania":"1 min\u00fata"},"schema":{"@context":"https:\/\/schema.org","@graph":[{"@type":"WebPage","@id":"https:\/\/jaslesvetluska.sk\/?page_id=98","url":"https:\/\/jaslesvetluska.sk\/?page_id=98","name":"Prihl\u00e1\u0161ka - S\u00fakromn\u00e9 jasle so \u0161k\u00f4lkou Svetlu\u0161ka","isPartOf":{"@id":"https:\/\/jaslesvetluska.sk\/#website"},"datePublished":"2021-06-16T19:17:04+00:00","dateModified":"2024-06-09T15:12:55+00:00","breadcrumb":{"@id":"https:\/\/jaslesvetluska.sk\/?page_id=98#breadcrumb"},"inLanguage":"sk-SK","potentialAction":[{"@type":"ReadAction","target":["https:\/\/jaslesvetluska.sk\/?page_id=98"]}]},{"@type":"BreadcrumbList","@id":"https:\/\/jaslesvetluska.sk\/?page_id=98#breadcrumb","itemListElement":[{"@type":"ListItem","position":1,"name":"Home","item":"https:\/\/jaslesvetluska.sk\/"},{"@type":"ListItem","position":2,"name":"Prihl\u00e1\u0161ka"}]},{"@type":"WebSite","@id":"https:\/\/jaslesvetluska.sk\/#website","url":"https:\/\/jaslesvetluska.sk\/","name":"S\u00fakromn\u00e9 jasle so \u0161k\u00f4lkou Svetlu\u0161ka","description":"","potentialAction":[{"@type":"SearchAction","target":{"@type":"EntryPoint","urlTemplate":"https:\/\/jaslesvetluska.sk\/?s={search_term_string}"},"query-input":{"@type":"PropertyValueSpecification","valueRequired":true,"valueName":"search_term_string"}}],"inLanguage":"sk-SK"}]}},"_links":{"self":[{"href":"https:\/\/jaslesvetluska.sk\/index.php?rest_route=\/wp\/v2\/pages\/98","targetHints":{"allow":["GET"]}}],"collection":[{"href":"https:\/\/jaslesvetluska.sk\/index.php?rest_route=\/wp\/v2\/pages"}],"about":[{"href":"https:\/\/jaslesvetluska.sk\/index.php?rest_route=\/wp\/v2\/types\/page"}],"author":[{"embeddable":true,"href":"https:\/\/jaslesvetluska.sk\/index.php?rest_route=\/wp\/v2\/users\/1"}],"replies":[{"embeddable":true,"href":"https:\/\/jaslesvetluska.sk\/index.php?rest_route=%2Fwp%2Fv2%2Fcomments&post=98"}],"version-history":[{"count":6,"href":"https:\/\/jaslesvetluska.sk\/index.php?rest_route=\/wp\/v2\/pages\/98\/revisions"}],"predecessor-version":[{"id":141,"href":"https:\/\/jaslesvetluska.sk\/index.php?rest_route=\/wp\/v2\/pages\/98\/revisions\/141"}],"wp:attachment":[{"href":"https:\/\/jaslesvetluska.sk\/index.php?rest_route=%2Fwp%2Fv2%2Fmedia&parent=98"}],"curies":[{"name":"wp","href":"https:\/\/api.w.org\/{rel}","templated":true}]}}