{"id":38,"date":"2019-07-10T19:43:20","date_gmt":"2019-07-10T17:43:20","guid":{"rendered":"http:\/\/jaslesvetluska.sk\/?page_id=38"},"modified":"2021-08-10T19:28:12","modified_gmt":"2021-08-10T17:28:12","slug":"kontakt","status":"publish","type":"page","link":"https:\/\/jaslesvetluska.sk\/?page_id=38","title":{"rendered":"Kontakt"},"content":{"rendered":"<h2>S\u00fakromn\u00e9 jasle Svetlu\u0161ka<\/h2>\n<div class=\"desktop-title-content\">Zolt\u00e1na Kod\u00e1lya 769, 924 01 Galanta<\/div>\n<p>Tel: +421 911 045 347<\/p>\n<p>&nbsp;<\/p>\n<p><em>Prev\u00e1dzkovate\u013e:<\/em><\/p>\n<p><strong>SVETLU\u0160KA, n.o<\/strong><\/p>\n<p>Topo\u013eov\u00e1 2769\/15,<br \/>\n92401 Galanta<br \/>\nEmail: <a href=\"mailto:info@jaslesvetluska.sk\">info@jaslesvetluska.sk<\/a><br \/>\nI\u010cO: 50890441<br \/>\nDI\u010c: 2120518455<\/p>\n","protected":false},"excerpt":{"rendered":"<p>S\u00fakromn\u00e9 jasle Svetlu\u0161ka Zolt\u00e1na Kod\u00e1lya 769, 924 01 Galanta Tel: +421 911 045 347 &nbsp; Prev\u00e1dzkovate\u013e: SVETLU\u0160KA, n.o Topo\u013eov\u00e1 2769\/15, 92401 Galanta Email: info@jaslesvetluska.sk I\u010cO: 50890441 DI\u010c: 2120518455<\/p>\n","protected":false},"author":1,"featured_media":0,"parent":0,"menu_order":3,"comment_status":"closed","ping_status":"closed","template":"template-contact.php","meta":{"_monsterinsights_skip_tracking":false,"_monsterinsights_sitenote_active":false,"_monsterinsights_sitenote_note":"","_monsterinsights_sitenote_category":0,"ngg_post_thumbnail":0,"footnotes":""},"class_list":["post-38","page","type-page","status-publish","hentry"],"yoast_head":"<!-- This site is optimized with the Yoast SEO plugin v25.0 - https:\/\/yoast.com\/wordpress\/plugins\/seo\/ -->\n<title>Kontakt - S\u00fakromn\u00e9 jasle so \u0161k\u00f4lkou Svetlu\u0161ka<\/title>\n<meta name=\"robots\" content=\"index, follow, max-snippet:-1, max-image-preview:large, max-video-preview:-1\" \/>\n<link rel=\"canonical\" href=\"http:\/\/jaslesvetluska.sk\/?page_id=38\" \/>\n<meta property=\"og:locale\" content=\"sk_SK\" \/>\n<meta property=\"og:type\" content=\"article\" \/>\n<meta property=\"og:title\" content=\"Kontakt - S\u00fakromn\u00e9 jasle so \u0161k\u00f4lkou Svetlu\u0161ka\" \/>\n<meta property=\"og:description\" content=\"S\u00fakromn\u00e9 jasle Svetlu\u0161ka Zolt\u00e1na Kod\u00e1lya 769, 924 01 Galanta Tel: +421 911 045 347 &nbsp; Prev\u00e1dzkovate\u013e: SVETLU\u0160KA, n.o Topo\u013eov\u00e1 2769\/15, 92401 Galanta Email: info@jaslesvetluska.sk I\u010cO: 50890441 DI\u010c: 2120518455\" \/>\n<meta property=\"og:url\" content=\"http:\/\/jaslesvetluska.sk\/?page_id=38\" \/>\n<meta property=\"og:site_name\" content=\"S\u00fakromn\u00e9 jasle so \u0161k\u00f4lkou Svetlu\u0161ka\" \/>\n<meta property=\"article:modified_time\" content=\"2021-08-10T17:28:12+00:00\" \/>\n<meta name=\"twitter:card\" content=\"summary_large_image\" \/>\n<script type=\"application\/ld+json\" class=\"yoast-schema-graph\">{\"@context\":\"https:\/\/schema.org\",\"@graph\":[{\"@type\":\"WebPage\",\"@id\":\"http:\/\/jaslesvetluska.sk\/?page_id=38\",\"url\":\"http:\/\/jaslesvetluska.sk\/?page_id=38\",\"name\":\"Kontakt - S\u00fakromn\u00e9 jasle so \u0161k\u00f4lkou Svetlu\u0161ka\",\"isPartOf\":{\"@id\":\"https:\/\/jaslesvetluska.sk\/#website\"},\"datePublished\":\"2019-07-10T17:43:20+00:00\",\"dateModified\":\"2021-08-10T17:28:12+00:00\",\"breadcrumb\":{\"@id\":\"http:\/\/jaslesvetluska.sk\/?page_id=38#breadcrumb\"},\"inLanguage\":\"sk-SK\",\"potentialAction\":[{\"@type\":\"ReadAction\",\"target\":[\"http:\/\/jaslesvetluska.sk\/?page_id=38\"]}]},{\"@type\":\"BreadcrumbList\",\"@id\":\"http:\/\/jaslesvetluska.sk\/?page_id=38#breadcrumb\",\"itemListElement\":[{\"@type\":\"ListItem\",\"position\":1,\"name\":\"Home\",\"item\":\"https:\/\/jaslesvetluska.sk\/\"},{\"@type\":\"ListItem\",\"position\":2,\"name\":\"Kontakt\"}]},{\"@type\":\"WebSite\",\"@id\":\"https:\/\/jaslesvetluska.sk\/#website\",\"url\":\"https:\/\/jaslesvetluska.sk\/\",\"name\":\"S\u00fakromn\u00e9 jasle so \u0161k\u00f4lkou Svetlu\u0161ka\",\"description\":\"\",\"potentialAction\":[{\"@type\":\"SearchAction\",\"target\":{\"@type\":\"EntryPoint\",\"urlTemplate\":\"https:\/\/jaslesvetluska.sk\/?s={search_term_string}\"},\"query-input\":{\"@type\":\"PropertyValueSpecification\",\"valueRequired\":true,\"valueName\":\"search_term_string\"}}],\"inLanguage\":\"sk-SK\"}]}<\/script>\n<!-- \/ Yoast SEO plugin. -->","yoast_head_json":{"title":"Kontakt - S\u00fakromn\u00e9 jasle so \u0161k\u00f4lkou Svetlu\u0161ka","robots":{"index":"index","follow":"follow","max-snippet":"max-snippet:-1","max-image-preview":"max-image-preview:large","max-video-preview":"max-video-preview:-1"},"canonical":"http:\/\/jaslesvetluska.sk\/?page_id=38","og_locale":"sk_SK","og_type":"article","og_title":"Kontakt - S\u00fakromn\u00e9 jasle so \u0161k\u00f4lkou Svetlu\u0161ka","og_description":"S\u00fakromn\u00e9 jasle Svetlu\u0161ka Zolt\u00e1na Kod\u00e1lya 769, 924 01 Galanta Tel: +421 911 045 347 &nbsp; Prev\u00e1dzkovate\u013e: SVETLU\u0160KA, n.o Topo\u013eov\u00e1 2769\/15, 92401 Galanta Email: info@jaslesvetluska.sk I\u010cO: 50890441 DI\u010c: 2120518455","og_url":"http:\/\/jaslesvetluska.sk\/?page_id=38","og_site_name":"S\u00fakromn\u00e9 jasle so \u0161k\u00f4lkou Svetlu\u0161ka","article_modified_time":"2021-08-10T17:28:12+00:00","twitter_card":"summary_large_image","schema":{"@context":"https:\/\/schema.org","@graph":[{"@type":"WebPage","@id":"http:\/\/jaslesvetluska.sk\/?page_id=38","url":"http:\/\/jaslesvetluska.sk\/?page_id=38","name":"Kontakt - S\u00fakromn\u00e9 jasle so \u0161k\u00f4lkou Svetlu\u0161ka","isPartOf":{"@id":"https:\/\/jaslesvetluska.sk\/#website"},"datePublished":"2019-07-10T17:43:20+00:00","dateModified":"2021-08-10T17:28:12+00:00","breadcrumb":{"@id":"http:\/\/jaslesvetluska.sk\/?page_id=38#breadcrumb"},"inLanguage":"sk-SK","potentialAction":[{"@type":"ReadAction","target":["http:\/\/jaslesvetluska.sk\/?page_id=38"]}]},{"@type":"BreadcrumbList","@id":"http:\/\/jaslesvetluska.sk\/?page_id=38#breadcrumb","itemListElement":[{"@type":"ListItem","position":1,"name":"Home","item":"https:\/\/jaslesvetluska.sk\/"},{"@type":"ListItem","position":2,"name":"Kontakt"}]},{"@type":"WebSite","@id":"https:\/\/jaslesvetluska.sk\/#website","url":"https:\/\/jaslesvetluska.sk\/","name":"S\u00fakromn\u00e9 jasle so \u0161k\u00f4lkou Svetlu\u0161ka","description":"","potentialAction":[{"@type":"SearchAction","target":{"@type":"EntryPoint","urlTemplate":"https:\/\/jaslesvetluska.sk\/?s={search_term_string}"},"query-input":{"@type":"PropertyValueSpecification","valueRequired":true,"valueName":"search_term_string"}}],"inLanguage":"sk-SK"}]}},"_links":{"self":[{"href":"https:\/\/jaslesvetluska.sk\/index.php?rest_route=\/wp\/v2\/pages\/38","targetHints":{"allow":["GET"]}}],"collection":[{"href":"https:\/\/jaslesvetluska.sk\/index.php?rest_route=\/wp\/v2\/pages"}],"about":[{"href":"https:\/\/jaslesvetluska.sk\/index.php?rest_route=\/wp\/v2\/types\/page"}],"author":[{"embeddable":true,"href":"https:\/\/jaslesvetluska.sk\/index.php?rest_route=\/wp\/v2\/users\/1"}],"replies":[{"embeddable":true,"href":"https:\/\/jaslesvetluska.sk\/index.php?rest_route=%2Fwp%2Fv2%2Fcomments&post=38"}],"version-history":[{"count":4,"href":"https:\/\/jaslesvetluska.sk\/index.php?rest_route=\/wp\/v2\/pages\/38\/revisions"}],"predecessor-version":[{"id":103,"href":"https:\/\/jaslesvetluska.sk\/index.php?rest_route=\/wp\/v2\/pages\/38\/revisions\/103"}],"wp:attachment":[{"href":"https:\/\/jaslesvetluska.sk\/index.php?rest_route=%2Fwp%2Fv2%2Fmedia&parent=38"}],"curies":[{"name":"wp","href":"https:\/\/api.w.org\/{rel}","templated":true}]}}