{"id":2,"date":"2017-06-17T15:51:35","date_gmt":"2017-06-17T13:51:35","guid":{"rendered":"http:\/\/test.jaslesvetluska.sk\/?page_id=2"},"modified":"2024-06-27T17:44:13","modified_gmt":"2024-06-27T15:44:13","slug":"ukazka-strany","status":"publish","type":"page","link":"https:\/\/jaslesvetluska.sk\/","title":{"rendered":"Domov"},"content":{"rendered":"<p>Toto je pr\u00edklad str\u00e1nky. Je odli\u0161n\u00e1 od \u010dl\u00e1nku blogu, preto\u017ee ostane na jednom mieste a objav\u00ed sa v navig\u00e1cii va\u0161ej str\u00e1nky (vo v\u00e4\u010d\u0161ine t\u00e9m). V\u00e4\u010d\u0161ina \u013eud\u00ed za\u010d\u00edna str\u00e1nkou O mne, ktor\u00e1 ich predstavuje potenci\u00e1lnym n\u00e1v\u0161tevn\u00edkom webu. M\u00f4\u017ee na nej by\u0165 nie\u010do ako:<\/p>\n<blockquote><p>Ahoj! Cez de\u0148 som posl\u00ed\u010dek na bicykli, v noci n\u00e1dejn\u00fd herec a toto je m\u00f4j blog. B\u00fdvam v Los Angeles, m\u00e1m skvel\u00e9ho psa menom Jack a m\u00e1m r\u00e1d Pi\u00f1a Coladu.<\/p><\/blockquote>\n<p>&#8230;alebo nie\u010do ako toto:<\/p>\n<blockquote><p>Spolo\u010dnos\u0165 XYZ Doohickey bola zalo\u017een\u00e1 v roku 1971 a odvtedy poskytuje verejnosti kvalitn\u00e9 &#8222;ve\u013ek\u00e9 ni\u010d&#8220;. Nach\u00e1dza sa v Gotham City, XYZ zamestn\u00e1va viac ako 2000 \u013eud\u00ed a rob\u00ed v\u0161etky druhy \u00fa\u017easn\u00fdch vec\u00ed pre obec Gotham.<\/p><\/blockquote>\n<p>Ako nov\u00fd pou\u017e\u00edvate\u013e WordPressu by ste mali prejs\u0165 do <a href=\"http:\/\/jaslesvetluska.sk\/wp-admin\/\">administr\u00e1cie<\/a>, odstr\u00e1ni\u0165 t\u00fato stranu a vytvori\u0165 pre v\u00e1\u0161 web nov\u00e9 strany. Bavte sa!<\/p>\n","protected":false},"excerpt":{"rendered":"<p>Toto je pr\u00edklad str\u00e1nky. Je odli\u0161n\u00e1 od \u010dl\u00e1nku blogu, preto\u017ee ostane na jednom mieste a objav\u00ed sa v navig\u00e1cii va\u0161ej str\u00e1nky (vo v\u00e4\u010d\u0161ine t\u00e9m). V\u00e4\u010d\u0161ina \u013eud\u00ed za\u010d\u00edna str\u00e1nkou O mne, ktor\u00e1 ich predstavuje potenci\u00e1lnym n\u00e1v\u0161tevn\u00edkom webu. M\u00f4\u017ee na nej by\u0165 nie\u010do ako: Ahoj! Cez de\u0148 som posl\u00ed\u010dek na bicykli, v noci n\u00e1dejn\u00fd herec a toto<a class=\"moretag\" href=\"https:\/\/jaslesvetluska.sk\/\"><span class=\"screen-reader-text\">Pre\u010d\u00edtajte si viac o Domov<\/span>[&#8230;]<\/a><\/p>\n","protected":false},"author":1,"featured_media":0,"parent":0,"menu_order":0,"comment_status":"closed","ping_status":"open","template":"","meta":{"_monsterinsights_skip_tracking":false,"_monsterinsights_sitenote_active":false,"_monsterinsights_sitenote_note":"","_monsterinsights_sitenote_category":0,"ngg_post_thumbnail":0,"footnotes":""},"class_list":["post-2","page","type-page","status-publish","hentry"],"yoast_head":"<!-- This site is optimized with the Yoast SEO plugin v25.0 - https:\/\/yoast.com\/wordpress\/plugins\/seo\/ -->\n<title>Domov - S\u00fakromn\u00e9 jasle so \u0161k\u00f4lkou Svetlu\u0161ka<\/title>\n<meta name=\"robots\" content=\"index, follow, max-snippet:-1, max-image-preview:large, max-video-preview:-1\" \/>\n<link rel=\"canonical\" href=\"http:\/\/jaslesvetluska.sk\/\" \/>\n<meta property=\"og:locale\" content=\"sk_SK\" \/>\n<meta property=\"og:type\" content=\"article\" \/>\n<meta property=\"og:title\" content=\"Domov - S\u00fakromn\u00e9 jasle so \u0161k\u00f4lkou Svetlu\u0161ka\" \/>\n<meta property=\"og:description\" content=\"Toto je pr\u00edklad str\u00e1nky. Je odli\u0161n\u00e1 od \u010dl\u00e1nku blogu, preto\u017ee ostane na jednom mieste a objav\u00ed sa v navig\u00e1cii va\u0161ej str\u00e1nky (vo v\u00e4\u010d\u0161ine t\u00e9m). V\u00e4\u010d\u0161ina \u013eud\u00ed za\u010d\u00edna str\u00e1nkou O mne, ktor\u00e1 ich predstavuje potenci\u00e1lnym n\u00e1v\u0161tevn\u00edkom webu. M\u00f4\u017ee na nej by\u0165 nie\u010do ako: Ahoj! Cez de\u0148 som posl\u00ed\u010dek na bicykli, v noci n\u00e1dejn\u00fd herec a totoPre\u010d\u00edtajte si viac o Domov[...]\" \/>\n<meta property=\"og:url\" content=\"http:\/\/jaslesvetluska.sk\/\" \/>\n<meta property=\"og:site_name\" content=\"S\u00fakromn\u00e9 jasle so \u0161k\u00f4lkou Svetlu\u0161ka\" \/>\n<meta property=\"article:modified_time\" content=\"2024-06-27T15:44:13+00:00\" \/>\n<meta name=\"twitter:card\" content=\"summary_large_image\" \/>\n<meta name=\"twitter:label1\" content=\"Predpokladan\u00fd \u010das \u010d\u00edtania\" \/>\n\t<meta name=\"twitter:data1\" content=\"1 min\u00fata\" \/>\n<script type=\"application\/ld+json\" class=\"yoast-schema-graph\">{\"@context\":\"https:\/\/schema.org\",\"@graph\":[{\"@type\":\"WebPage\",\"@id\":\"http:\/\/jaslesvetluska.sk\/\",\"url\":\"http:\/\/jaslesvetluska.sk\/\",\"name\":\"Domov - S\u00fakromn\u00e9 jasle so \u0161k\u00f4lkou Svetlu\u0161ka\",\"isPartOf\":{\"@id\":\"https:\/\/jaslesvetluska.sk\/#website\"},\"datePublished\":\"2017-06-17T13:51:35+00:00\",\"dateModified\":\"2024-06-27T15:44:13+00:00\",\"breadcrumb\":{\"@id\":\"http:\/\/jaslesvetluska.sk\/#breadcrumb\"},\"inLanguage\":\"sk-SK\",\"potentialAction\":[{\"@type\":\"ReadAction\",\"target\":[\"http:\/\/jaslesvetluska.sk\/\"]}]},{\"@type\":\"BreadcrumbList\",\"@id\":\"http:\/\/jaslesvetluska.sk\/#breadcrumb\",\"itemListElement\":[{\"@type\":\"ListItem\",\"position\":1,\"name\":\"Home\",\"item\":\"http:\/\/jaslesvetluska.sk\/\"},{\"@type\":\"ListItem\",\"position\":2,\"name\":\"Domov\"}]},{\"@type\":\"WebSite\",\"@id\":\"https:\/\/jaslesvetluska.sk\/#website\",\"url\":\"https:\/\/jaslesvetluska.sk\/\",\"name\":\"S\u00fakromn\u00e9 jasle so \u0161k\u00f4lkou Svetlu\u0161ka\",\"description\":\"\",\"potentialAction\":[{\"@type\":\"SearchAction\",\"target\":{\"@type\":\"EntryPoint\",\"urlTemplate\":\"https:\/\/jaslesvetluska.sk\/?s={search_term_string}\"},\"query-input\":{\"@type\":\"PropertyValueSpecification\",\"valueRequired\":true,\"valueName\":\"search_term_string\"}}],\"inLanguage\":\"sk-SK\"}]}<\/script>\n<!-- \/ Yoast SEO plugin. -->","yoast_head_json":{"title":"Domov - S\u00fakromn\u00e9 jasle so \u0161k\u00f4lkou Svetlu\u0161ka","robots":{"index":"index","follow":"follow","max-snippet":"max-snippet:-1","max-image-preview":"max-image-preview:large","max-video-preview":"max-video-preview:-1"},"canonical":"http:\/\/jaslesvetluska.sk\/","og_locale":"sk_SK","og_type":"article","og_title":"Domov - S\u00fakromn\u00e9 jasle so \u0161k\u00f4lkou Svetlu\u0161ka","og_description":"Toto je pr\u00edklad str\u00e1nky. Je odli\u0161n\u00e1 od \u010dl\u00e1nku blogu, preto\u017ee ostane na jednom mieste a objav\u00ed sa v navig\u00e1cii va\u0161ej str\u00e1nky (vo v\u00e4\u010d\u0161ine t\u00e9m). V\u00e4\u010d\u0161ina \u013eud\u00ed za\u010d\u00edna str\u00e1nkou O mne, ktor\u00e1 ich predstavuje potenci\u00e1lnym n\u00e1v\u0161tevn\u00edkom webu. M\u00f4\u017ee na nej by\u0165 nie\u010do ako: Ahoj! Cez de\u0148 som posl\u00ed\u010dek na bicykli, v noci n\u00e1dejn\u00fd herec a totoPre\u010d\u00edtajte si viac o Domov[...]","og_url":"http:\/\/jaslesvetluska.sk\/","og_site_name":"S\u00fakromn\u00e9 jasle so \u0161k\u00f4lkou Svetlu\u0161ka","article_modified_time":"2024-06-27T15:44:13+00:00","twitter_card":"summary_large_image","twitter_misc":{"Predpokladan\u00fd \u010das \u010d\u00edtania":"1 min\u00fata"},"schema":{"@context":"https:\/\/schema.org","@graph":[{"@type":"WebPage","@id":"http:\/\/jaslesvetluska.sk\/","url":"http:\/\/jaslesvetluska.sk\/","name":"Domov - S\u00fakromn\u00e9 jasle so \u0161k\u00f4lkou Svetlu\u0161ka","isPartOf":{"@id":"https:\/\/jaslesvetluska.sk\/#website"},"datePublished":"2017-06-17T13:51:35+00:00","dateModified":"2024-06-27T15:44:13+00:00","breadcrumb":{"@id":"http:\/\/jaslesvetluska.sk\/#breadcrumb"},"inLanguage":"sk-SK","potentialAction":[{"@type":"ReadAction","target":["http:\/\/jaslesvetluska.sk\/"]}]},{"@type":"BreadcrumbList","@id":"http:\/\/jaslesvetluska.sk\/#breadcrumb","itemListElement":[{"@type":"ListItem","position":1,"name":"Home","item":"http:\/\/jaslesvetluska.sk\/"},{"@type":"ListItem","position":2,"name":"Domov"}]},{"@type":"WebSite","@id":"https:\/\/jaslesvetluska.sk\/#website","url":"https:\/\/jaslesvetluska.sk\/","name":"S\u00fakromn\u00e9 jasle so \u0161k\u00f4lkou Svetlu\u0161ka","description":"","potentialAction":[{"@type":"SearchAction","target":{"@type":"EntryPoint","urlTemplate":"https:\/\/jaslesvetluska.sk\/?s={search_term_string}"},"query-input":{"@type":"PropertyValueSpecification","valueRequired":true,"valueName":"search_term_string"}}],"inLanguage":"sk-SK"}]}},"_links":{"self":[{"href":"https:\/\/jaslesvetluska.sk\/index.php?rest_route=\/wp\/v2\/pages\/2","targetHints":{"allow":["GET"]}}],"collection":[{"href":"https:\/\/jaslesvetluska.sk\/index.php?rest_route=\/wp\/v2\/pages"}],"about":[{"href":"https:\/\/jaslesvetluska.sk\/index.php?rest_route=\/wp\/v2\/types\/page"}],"author":[{"embeddable":true,"href":"https:\/\/jaslesvetluska.sk\/index.php?rest_route=\/wp\/v2\/users\/1"}],"replies":[{"embeddable":true,"href":"https:\/\/jaslesvetluska.sk\/index.php?rest_route=%2Fwp%2Fv2%2Fcomments&post=2"}],"version-history":[{"count":2,"href":"https:\/\/jaslesvetluska.sk\/index.php?rest_route=\/wp\/v2\/pages\/2\/revisions"}],"predecessor-version":[{"id":170,"href":"https:\/\/jaslesvetluska.sk\/index.php?rest_route=\/wp\/v2\/pages\/2\/revisions\/170"}],"wp:attachment":[{"href":"https:\/\/jaslesvetluska.sk\/index.php?rest_route=%2Fwp%2Fv2%2Fmedia&parent=2"}],"curies":[{"name":"wp","href":"https:\/\/api.w.org\/{rel}","templated":true}]}}